{"id":11,"date":"2025-01-21T12:54:26","date_gmt":"2025-01-21T12:54:26","guid":{"rendered":"https:\/\/bolesnemiesiaczki.pl\/?page_id=11"},"modified":"2025-10-31T11:26:56","modified_gmt":"2025-10-31T11:26:56","slug":"elementor-11","status":"publish","type":"page","link":"https:\/\/bolesnemiesiaczki.pl\/","title":{"rendered":""},"content":{"rendered":"\t\t<div data-elementor-type=\"wp-post\" data-elementor-id=\"11\" class=\"elementor elementor-11\">\n\t\t\t\t<div class=\"elementor-element elementor-element-480548e e-flex e-con-boxed e-con e-parent\" data-id=\"480548e\" data-element_type=\"container\">\n\t\t\t\t\t<div class=\"e-con-inner\">\n\t\t\t\t<div class=\"elementor-element elementor-element-496ad65 elementor-widget elementor-widget-image\" data-id=\"496ad65\" data-element_type=\"widget\" data-widget_type=\"image.default\">\n\t\t\t\t<div class=\"elementor-widget-container\">\n\t\t\t\t\t\t\t\t\t\t\t\t\t\t\t<img fetchpriority=\"high\" decoding=\"async\" width=\"1024\" height=\"576\" src=\"https:\/\/bolesnemiesiaczki.pl\/wp-content\/uploads\/2025\/01\/BOLESNE-MIESIACZKI-1024x576.jpg\" class=\"attachment-large size-large wp-image-13\" alt=\"\" srcset=\"https:\/\/bolesnemiesiaczki.pl\/wp-content\/uploads\/2025\/01\/BOLESNE-MIESIACZKI-1024x576.jpg 1024w, https:\/\/bolesnemiesiaczki.pl\/wp-content\/uploads\/2025\/01\/BOLESNE-MIESIACZKI-300x169.jpg 300w, https:\/\/bolesnemiesiaczki.pl\/wp-content\/uploads\/2025\/01\/BOLESNE-MIESIACZKI-768x432.jpg 768w, https:\/\/bolesnemiesiaczki.pl\/wp-content\/uploads\/2025\/01\/BOLESNE-MIESIACZKI.jpg 1366w\" sizes=\"(max-width: 1024px) 100vw, 1024px\" \/>\t\t\t\t\t\t\t\t\t\t\t\t\t\t\t<\/div>\n\t\t\t\t<\/div>\n\t\t\t\t\t<\/div>\n\t\t\t\t<\/div>\n\t\t\t\t<\/div>\n\t\t","protected":false},"excerpt":{"rendered":"<p>Bolesne Miesi\u0105czki &#8211; Diety i Porady Zdrowotne Bolesne Miesi\u0105czki Strona G\u0142\u00f3wna O Nas Us\u0142ugi Quiz Kontakt Porady Dietetyczne na Bolesne Miesi\u0105czki Specjalizujemy si\u0119 w dietach wspieraj\u0105cych zdrowie kobiet. Pomagamy w endometriozie, mi\u0119\u015bniakach macicy i wi\u0119cej. Sprawd\u017a Quiz Czym si\u0119 zajmujemy? Oferujemy spersonalizowane diety i porady dietetyczne dla kobiet borykaj\u0105cych si\u0119 z problemami zdrowotnymi. Skupiamy si\u0119 [&hellip;]<\/p>\n","protected":false},"author":1,"featured_media":0,"parent":0,"menu_order":0,"comment_status":"closed","ping_status":"closed","template":"","meta":{"footnotes":""},"class_list":["post-11","page","type-page","status-publish","hentry"],"_links":{"self":[{"href":"https:\/\/bolesnemiesiaczki.pl\/index.php\/wp-json\/wp\/v2\/pages\/11","targetHints":{"allow":["GET"]}}],"collection":[{"href":"https:\/\/bolesnemiesiaczki.pl\/index.php\/wp-json\/wp\/v2\/pages"}],"about":[{"href":"https:\/\/bolesnemiesiaczki.pl\/index.php\/wp-json\/wp\/v2\/types\/page"}],"author":[{"embeddable":true,"href":"https:\/\/bolesnemiesiaczki.pl\/index.php\/wp-json\/wp\/v2\/users\/1"}],"replies":[{"embeddable":true,"href":"https:\/\/bolesnemiesiaczki.pl\/index.php\/wp-json\/wp\/v2\/comments?post=11"}],"version-history":[{"count":7,"href":"https:\/\/bolesnemiesiaczki.pl\/index.php\/wp-json\/wp\/v2\/pages\/11\/revisions"}],"predecessor-version":[{"id":26,"href":"https:\/\/bolesnemiesiaczki.pl\/index.php\/wp-json\/wp\/v2\/pages\/11\/revisions\/26"}],"wp:attachment":[{"href":"https:\/\/bolesnemiesiaczki.pl\/index.php\/wp-json\/wp\/v2\/media?parent=11"}],"curies":[{"name":"wp","href":"https:\/\/api.w.org\/{rel}","templated":true}]}}